{"id":9,"date":"2013-01-30T10:56:34","date_gmt":"2013-01-30T09:56:34","guid":{"rendered":"http:\/\/ocean71.ch\/?page_id=9"},"modified":"2013-04-11T00:20:59","modified_gmt":"2013-04-10T23:20:59","slug":"mentions-legales","status":"publish","type":"page","link":"http:\/\/ocean71.com\/fr\/mentions-legales\/","title":{"rendered":"Mentions l\u00e9gales"},"content":{"rendered":"<p>&nbsp;<\/p>\n<p>Le site ocean71.com est con\u00e7u et r\u00e9alis\u00e9 par la soci\u00e9t\u00e9 <strong>OCEAN71 Magazine S\u00e0rl<\/strong><\/p>\n<p><strong><\/strong>Le directeur de la publication est : <strong>Julien PFYFFER<\/strong><\/p>\n<p><strong><\/strong><em id=\"__mceDel\">Les sujets sont r\u00e9alis\u00e9s et actualis\u00e9s par <strong>OCEAN71 Magazine S\u00e0rl<\/strong><\/em><\/p>\n<p><em id=\"__mceDel\"><em id=\"__mceDel\"><strong><\/strong><\/em><\/em><em id=\"__mceDel\"><em id=\"__mceDel\"><em id=\"__mceDel\"><em id=\"__mceDel\">OCEAN71 Magazine est une <strong>S\u00e0rl<\/strong> au capital de 250 000 CHF<\/em><\/em><\/em><\/em><\/p>\n<p>&nbsp;<\/p>\n<p><em id=\"__mceDel\"><em id=\"__mceDel\"><em id=\"__mceDel\"><em id=\"__mceDel\"><\/em><\/em><\/em><\/em><em id=\"__mceDel\">Cr\u00e9ation technique Web : <a href=\"http:\/\/www.we-studio.ch\/\" target=\"_blank\">We-Studio<\/a> et Pierre Ristic<\/em><\/p>\n<p><em id=\"__mceDel\">Cr\u00e9ation graphique : <a title=\"L\u2019\u00eele rebelle\" href=\"http:\/\/www.we-studio.ch\" target=\"_blank\">We-Studio <\/a>et Design Do<\/em><\/p>\n<!-- AddThis Advanced Settings generic via filter on the_content --><!-- AddThis Share Buttons generic via filter on the_content -->","protected":false},"excerpt":{"rendered":"<p>&nbsp; Le site ocean71.com est con\u00e7u et r\u00e9alis\u00e9 par la soci\u00e9t\u00e9 OCEAN71 Magazine S\u00e0rl Le directeur de la publication est : Julien PFYFFER Les sujets sont r\u00e9alis\u00e9s et actualis\u00e9s par OCEAN71 Magazine S\u00e0rl OCEAN71 Magazine&hellip;&nbsp;<a href=\"http:\/\/ocean71.com\/fr\/mentions-legales\/\">Lire la suite<\/a><!-- AddThis Advanced Settings generic via filter on get_the_excerpt --><!-- AddThis Share Buttons generic via filter on get_the_excerpt --><\/p>\n","protected":false},"author":1,"featured_media":0,"parent":0,"menu_order":0,"comment_status":"open","ping_status":"open","template":"","meta":[],"acf":[],"_links":{"self":[{"href":"http:\/\/ocean71.com\/fr\/wp-json\/wp\/v2\/pages\/9"}],"collection":[{"href":"http:\/\/ocean71.com\/fr\/wp-json\/wp\/v2\/pages"}],"about":[{"href":"http:\/\/ocean71.com\/fr\/wp-json\/wp\/v2\/types\/page"}],"author":[{"embeddable":true,"href":"http:\/\/ocean71.com\/fr\/wp-json\/wp\/v2\/users\/1"}],"replies":[{"embeddable":true,"href":"http:\/\/ocean71.com\/fr\/wp-json\/wp\/v2\/comments?post=9"}],"version-history":[{"count":7,"href":"http:\/\/ocean71.com\/fr\/wp-json\/wp\/v2\/pages\/9\/revisions"}],"predecessor-version":[{"id":640,"href":"http:\/\/ocean71.com\/fr\/wp-json\/wp\/v2\/pages\/9\/revisions\/640"}],"wp:attachment":[{"href":"http:\/\/ocean71.com\/fr\/wp-json\/wp\/v2\/media?parent=9"}],"curies":[{"name":"wp","href":"https:\/\/api.w.org\/{rel}","templated":true}]}}