{"id":8,"date":"2013-01-30T10:55:27","date_gmt":"2013-01-30T09:55:27","guid":{"rendered":"http:\/\/ocean71.ch\/?page_id=8"},"modified":"2020-01-15T21:34:53","modified_gmt":"2020-01-15T20:34:53","slug":"conditions-dutilisation","status":"publish","type":"page","link":"http:\/\/ocean71.com\/fr\/conditions-dutilisation\/","title":{"rendered":"Conditions d\u2019utilisation"},"content":{"rendered":"<p>&nbsp;<\/p>\n<p><b>1. Objet<\/b><\/p>\n<p><b>1.1. G\u00e9n\u00e9ralit\u00e9s<\/b><b><\/b><\/p>\n<p>Les pr\u00e9sentes Conditions g\u00e9n\u00e9rales d\u2019utilisation du site (ci-apr\u00e8s\u00a0: \u00ab\u00a0les Conditions g\u00e9n\u00e9rales\u00a0\u00bb) r\u00e8glent, de mani\u00e8re contraignante, les conditions d\u2019utilisation du site OCEAN71.COM.<\/p>\n<p><b>1.2. Parties<\/b><\/p>\n<p>Les parties aux pr\u00e9sentes Conditions g\u00e9n\u00e9rales sont d\u2019une part les Utilisateurs du site OCEAN71.COM (ci-apr\u00e8s\u00a0: \u00ab\u00a0les Utilisateurs\u00a0\u00bb) et d\u2019autre part OCEAN71 Magazine S\u00c0RL, soci\u00e9t\u00e9 \u00e0 responsabilit\u00e9 limit\u00e9e de droit suisse ayant son si\u00e8ge au : <em>OCEAN71 Magazine \u2013 <\/em>C\/O Fiduciaire Jos\u00e9 Giavazzi SA \u2013 Place du March\u00e9 8, Case Postale 281 \u2013 1820 Montreux en Suisse (ci-apr\u00e8s\u00a0: \u00ab\u00a0l\u2019Editeur\u00a0\u00bb).<\/p>\n<p>&nbsp;<\/p>\n<p><b>2. Acceptation des Conditions g\u00e9n\u00e9rales<\/b><\/p>\n<p>En consultant le site OCEAN71.COM, les Utilisateurs acceptent, pleinement et sans r\u00e9serve, les pr\u00e9sentes Conditions g\u00e9n\u00e9rales.<\/p>\n<p>&nbsp;<\/p>\n<p><b>3. Consultation<\/b><\/p>\n<p><b>3.1 G\u00e9n\u00e9ralit\u00e9s<\/b><\/p>\n<p>Les Utilisateurs peuvent acc\u00e9der librement \u00e0 la totalit\u00e9 du site OCEAN71.COM.<\/p>\n<p>&nbsp;<\/p>\n<p><b>4. Obligations sp\u00e9cifiques des Utilisateurs<\/b><\/p>\n<p>Les Utilisateurs s\u2019obligent \u00e0 n\u2019employer les contenus du site OCEAN71.COM qu\u2019\u00e0 des fins licites.<\/p>\n<p>&nbsp;<\/p>\n<p><b>5. Cookies et collecte de donn\u00e9es<\/b><\/p>\n<p>L\u2019Editeur se r\u00e9serve le droit de placer des cookies lors de la consultation du site OCEAN71.COM. L\u2019Utilisateur peut cependant s\u2019y opposer en d\u00e9sactivant cette option dans les param\u00e8tres de son navigateur.<\/p>\n<p>Les serveurs de l\u2019Editeur ne sont pas configur\u00e9s pour collecter des informations personnelles sur les Utilisateurs en dehors des donn\u00e9es techniques suivantes : provenance des connexions (fournisseur d\u2019acc\u00e8s), adresse IP, type et version du navigateur utilis\u00e9. L\u2019Editeur ne collecte en aucun cas l\u2019adresse e-mail des Utilisateurs sans que ces derniers ne la communiquent d\u00e9lib\u00e9r\u00e9ment. Les donn\u00e9es de trafic et les fichiers de cookies que l\u2019Editeur implante sur les ordinateurs des Utilisateurs ont uniquement pour finalit\u00e9 de permettre une analyse de la fr\u00e9quentation du site OCEAN71.COM afin d\u2019en am\u00e9liorer le contenu. Les donn\u00e9es relatives \u00e0 la navigation des Utilisateurs ne sont pas exploit\u00e9es nominativement.<\/p>\n<p>&nbsp;<\/p>\n<p><b>6. Propri\u00e9t\u00e9 intellectuelle<\/b><\/p>\n<p><b>6.1 Contenus publi\u00e9s par l\u2019Editeur<\/b><\/p>\n<p>Le contenu du site OCEAN71.COM, y compris les marques, logos et noms de domaine sont prot\u00e9g\u00e9s par les lois en vigueur sur la propri\u00e9t\u00e9 intellectuelle, et appartiennent \u00e0 l\u2019Editeur. Seule l\u2019utilisation pour un usage priv\u00e9 est permise, conform\u00e9ment \u00e0 la l\u00e9gislation suisse en vigueur. Aucun \u00e9l\u00e9ment figurant sur le site OCEAN71.COM ne peut \u00eatre copi\u00e9, reproduit, diffus\u00e9, vendu, publi\u00e9, modifi\u00e9, r\u00e9\u00e9dit\u00e9, transmis, distribu\u00e9 ou exploit\u00e9 de quelque mani\u00e8re que ce soit, sur quelque support que ce soit, de fa\u00e7on partielle ou compl\u00e8te, sans l\u00b4autorisation \u00e9crite et pr\u00e9alable de l\u2019Editeur.<\/p>\n<p>&nbsp;<\/p>\n<p><b>7. Exclusion de responsabilit\u00e9<\/b><\/p>\n<p>L\u2019Editeur ne sera en aucun cas tenu responsable en cas de dommage direct ou indirect de quelque nature que ce soit subi par un Utilisateur cons\u00e9quemment \u00e0 une interruption ou un dysfonctionnement du site OCEAN71.COM.<\/p>\n<p>L\u2019exclusion de responsabilit\u00e9 s\u2019applique notamment en cas de panne de serveur, attaque de virus ou piratage. Aucune garantie n\u2019est offerte aux Utilisateurs s\u2019agissant de la rapidit\u00e9, de la s\u00e9curit\u00e9 et de la compatibilit\u00e9 du site OCEAN71.COM. En cas de d\u00e9fectuosit\u00e9 du site OCEAN71.COM, les Utilisateurs assument seules l&rsquo;int\u00e9gralit\u00e9 des co\u00fbts d&rsquo;entretien, de r\u00e9paration ou de correction de leurs propres mat\u00e9riels et logiciels.<\/p>\n<p>De la m\u00eame mani\u00e8re, l\u2019Editeur n\u2019engagera pas sa responsabilit\u00e9 en cas de force majeure.<\/p>\n<p>&nbsp;<\/p>\n<p><b>8. Modification et suppression du site OCEAN71.COM<\/b><\/p>\n<p>L\u2019Editeur se r\u00e9serve le droit de modifier, interrompre ou arr\u00eater d\u00e9finitivement la publication du site OCEAN71.COM.<\/p>\n<p>&nbsp;<\/p>\n<p><b>9. Modifications des Conditions g\u00e9n\u00e9rales<\/b><\/p>\n<p>L\u2019Editeur est susceptible de modifier en tout temps les pr\u00e9sentes Conditions g\u00e9n\u00e9rales. Les Utilisateurs sont tenus de v\u00e9rifier r\u00e9guli\u00e8rement la teneur des Conditions g\u00e9n\u00e9rales. Toute clause des pr\u00e9sentes Conditions g\u00e9n\u00e9rales qui serait en contradiction avec des r\u00e8gles imp\u00e9ratives du droit suisse en vigueur sera dissociable et toute nullit\u00e9, totale ou partielle, d\u2019une clause n\u2019affectera pas la validit\u00e9 du reste de la clause en question, ni des autres clauses des pr\u00e9sentes Conditions g\u00e9n\u00e9rales.<\/p>\n<p>&nbsp;<\/p>\n<p><b>10. Droit applicable et for juridique<\/b><\/p>\n<p><b>10.1 Droit applicable<\/b><\/p>\n<p>En cas de litige, les Conditions g\u00e9n\u00e9rales en vigueur et la Charte des commentaires sont utilis\u00e9es comme base juridique. Le droit suisse est applicable au surplus.<\/p>\n<p><b>\u00a010.2 For juridique<\/b><\/p>\n<p>Les Utilisateurs acceptent que le for juridique soit \u00e9tabli \u00e0 Montreux, en Suisse.<\/p>\n<!-- AddThis Advanced Settings generic via filter on the_content --><!-- AddThis Share Buttons generic via filter on the_content -->","protected":false},"excerpt":{"rendered":"<p>&nbsp; 1. Objet 1.1. G\u00e9n\u00e9ralit\u00e9s Les pr\u00e9sentes Conditions g\u00e9n\u00e9rales d\u2019utilisation du site (ci-apr\u00e8s\u00a0: \u00ab\u00a0les Conditions g\u00e9n\u00e9rales\u00a0\u00bb) r\u00e8glent, de mani\u00e8re contraignante, les conditions d\u2019utilisation du site OCEAN71.COM. 1.2. Parties Les parties aux pr\u00e9sentes Conditions g\u00e9n\u00e9rales sont&hellip;&nbsp;<a href=\"http:\/\/ocean71.com\/fr\/conditions-dutilisation\/\">Lire la suite<\/a><!-- AddThis Advanced Settings generic via filter on get_the_excerpt --><!-- AddThis Share Buttons generic via filter on get_the_excerpt --><\/p>\n","protected":false},"author":1,"featured_media":0,"parent":0,"menu_order":0,"comment_status":"open","ping_status":"open","template":"","meta":[],"acf":[],"_links":{"self":[{"href":"http:\/\/ocean71.com\/fr\/wp-json\/wp\/v2\/pages\/8"}],"collection":[{"href":"http:\/\/ocean71.com\/fr\/wp-json\/wp\/v2\/pages"}],"about":[{"href":"http:\/\/ocean71.com\/fr\/wp-json\/wp\/v2\/types\/page"}],"author":[{"embeddable":true,"href":"http:\/\/ocean71.com\/fr\/wp-json\/wp\/v2\/users\/1"}],"replies":[{"embeddable":true,"href":"http:\/\/ocean71.com\/fr\/wp-json\/wp\/v2\/comments?post=8"}],"version-history":[{"count":10,"href":"http:\/\/ocean71.com\/fr\/wp-json\/wp\/v2\/pages\/8\/revisions"}],"predecessor-version":[{"id":9561,"href":"http:\/\/ocean71.com\/fr\/wp-json\/wp\/v2\/pages\/8\/revisions\/9561"}],"wp:attachment":[{"href":"http:\/\/ocean71.com\/fr\/wp-json\/wp\/v2\/media?parent=8"}],"curies":[{"name":"wp","href":"https:\/\/api.w.org\/{rel}","templated":true}]}}