{"id":7,"date":"2013-01-30T10:54:38","date_gmt":"2013-01-30T09:54:38","guid":{"rendered":"http:\/\/ocean71.ch\/?page_id=7"},"modified":"2016-07-19T17:36:06","modified_gmt":"2016-07-19T16:36:06","slug":"qui-sommes-nous","status":"publish","type":"page","link":"http:\/\/ocean71.com\/fr\/qui-sommes-nous\/","title":{"rendered":"Qui sommes-nous"},"content":{"rendered":"<blockquote><p><i>OCEAN71 Magazine est un m\u00e9dia d&rsquo;utilit\u00e9 publique, gratuit et num\u00e9rique. Des journalistes sp\u00e9cialis\u00e9s r\u00e9alisent et publient des informations qui am\u00e9liorent les connaissances du grand public sur le milieu marin.<\/i><\/p><\/blockquote>\n<ol class=\"lead\">\n<li><a href=\"#pourquoi-nouveau-magazine\">La mer, derni\u00e8re fronti\u00e8re de l&rsquo;inconnu<\/a><\/li>\n<li><a href=\"#pourquoi-interet-mer\">Une \u00e9quipe atypique<\/a><\/li>\n<li><a href=\"#pourquoi-numerique\">Le passage au tout gratuit<\/a><\/li>\n<li><a href=\"#comment-independant\">Un m\u00e9dia financ\u00e9 par une fondation d&rsquo;utilit\u00e9 publique<\/a><\/li>\n<li><a href=\"#pourquoi-payer\">La transparence<\/a><\/li>\n<li><a href=\"#qui-participe\">Comment nous aider ?<\/a><\/li>\n<\/ol>\n<p><iframe loading=\"lazy\" class=\"player\" src=\"http:\/\/player.vimeo.com\/video\/79154838?title=0&amp;byline=0&amp;portrait=0&amp;color=2a6c7a\" width=\"300\" height=\"150\" frameborder=\"0\" allowfullscreen=\"allowfullscreen\"><\/iframe><\/p>\n<p>&nbsp;<\/p>\n<h3><a name=\"pourquoi-nouveau-magazine\"><\/a>1.\u00a0La mer, derni\u00e8re fronti\u00e8re de l&rsquo;inconnu<\/h3>\n<p><b>La terre est recouverte \u00e0 71% par les mers et les oc\u00e9ans.<\/b> Il s\u2019agit d\u2019une telle \u00e9tendue que nous avons surnomm\u00e9 notre astre \u00ab la plan\u00e8te bleue \u00bb. Notre vision de cet espace a cependant un gros d\u00e9faut : <b>nous nous limitons trop souvent \u00e0 la surface de ce monde maritime qui reste aujourd\u2019hui encore inconnu de tous<\/b>, \u00e0 la fois lointain, myst\u00e9rieux et inqui\u00e9tant.<br \/>\nL\u2019Unesco estime que nous avons document\u00e9 \u00e0 peine 10% des esp\u00e8ces qui vivent dans les oc\u00e9ans et que les biens culturels au fond de l\u2019eau surclassent largement en nombre les objets que nous pouvons admirer dans les vitrines des mus\u00e9es. Globalement, l&rsquo;homme aurait explor\u00e9 5% des oc\u00e9ans.<\/p>\n<h3><a name=\"pourquoi-interet-mer\"><\/a>2.\u00a0Une \u00e9quipe atypique<\/h3>\n<p>Cette r\u00e9flexion nous a amen\u00e9 \u00e0 croire, qu\u2019il \u00e9tait n\u00e9cessaire de cr\u00e9er un magazine, regroupant des reporters, des marins, des plongeurs, des techniciens, des biologistes et des historiens pour <b>explorer, \u00e9tudier, d\u00e9coder et vulgariser ce monde complexe qui n\u00e9cessite une multitude de comp\u00e9tences<\/b>, du temps, des moyens et beaucoup d&rsquo;abn\u00e9gation.<br \/>\nL&rsquo;\u00e9quipe d&rsquo;OCEAN71 Magazine organise des exp\u00e9ditions en mer, d\u00e9veloppe ses propres outils et r\u00e9alise des m\u00e9dias adapt\u00e9s pour chaque projet, qu&rsquo;ils soient \u00e9crits ou audiovisuels.<\/p>\n<h3><a name=\"pourquoi-numerique\"><\/a>3. Le passage au tout gratuit<\/h3>\n<p>Ce monde bleu, nous avons commenc\u00e9 \u00e0 l\u2019explorer et avons publi\u00e9 depuis 2013 ce que nous avons d\u00e9couvert. Pour pouvoir fonctionner, notre m\u00e9dia num\u00e9rique a appliqu\u00e9 un mod\u00e8le \u00e9conomique classique pour une partie de la presse en ligne : celui de l\u2019acc\u00e8s payant. Jusqu\u2019en avril 2016, nous avons compt\u00e9 sur un cercle d\u2019abonn\u00e9s qui achetaient leur acc\u00e8s \u00e0 des contenus complets et originaux.<br \/>\n<b>Apr\u00e8s trois ans d\u2019activit\u00e9, nous constatons que ce mod\u00e8le n\u2019est plus adapt\u00e9 \u00e0 la mission que nous nous sommes fix\u00e9s.<\/b> Lorsque le monde change, ses acteurs doivent se r\u00e9inventer. Aujourd\u2019hui, force est de constater que nos enqu\u00eates, les informations que nous publions dans ce magazine, int\u00e9ressent, passionnent m\u00eame parfois, mais les revenus g\u00e9n\u00e9r\u00e9s ne nous permettent pas de continuer sur cette voie.<br \/>\nGr\u00e2ce \u00e0 l\u2019exp\u00e9rience acquise au fil des ann\u00e9es, nous avons cependant compris un \u00e9l\u00e9ment crucial : le contenu que nous traitons ici est unique. Les d\u00e9couvertes que nous documentons, qu\u2019elles concernent les esp\u00e8ces animales, v\u00e9g\u00e9tales et micro-organiques ou les vestiges arch\u00e9ologiques, peuvent compl\u00e9ter ou parfois m\u00eame bousculer les connaissances humaines. <b>Il s&rsquo;agit de connaissances universelles qui doivent rester dans le domaine public. <\/b><br \/>\nAu terme de cette r\u00e9flexion, nous avons pris la d\u00e9cision de rendre accessible gratuitement l\u2019int\u00e9gralit\u00e9 du site OCEAN71 Magazine. <b>Les dossiers d\u00e9j\u00e0 publi\u00e9s et ceux qui le seront prochainement seront dor\u00e9navant disponibles en libre acc\u00e8s, en fran\u00e7ais comme en anglais.<\/b><\/p>\n<h3><a name=\"comment-independant\"><\/a>4. Un m\u00e9dia financ\u00e9 par une fondation d&rsquo;utilit\u00e9 publique<\/h3>\n<p>Pour pouvoir faire ce choix du libre acc\u00e8s et de l\u2019universalit\u00e9, notre m\u00e9dia a chang\u00e9 de mod\u00e8le \u00e9conomique. Julien Pfyffer, propri\u00e9taire \u00e0 100% et cr\u00e9ateur d&rsquo;OCEAN71 Magazine, a d\u00e9cid\u00e9 de lancer, en accord avec l\u2019ensemble de l\u2019\u00e9quipe constitu\u00e9e, <b>la Fondation Octopus (<a href=\"http:\/\/octopusfoundation.org\/\" target=\"_blank\">octopusfoundation.org<\/a>).<\/b><br \/>\nReconnue d\u2019utilit\u00e9 publique par les autorit\u00e9s suisses, la Fondation Octopus a pour objectif de s\u00e9lectionner et de soutenir des projets sp\u00e9cifiques d\u2019exploration, de recherche et d\u2019\u00e9tude des fonds marins dans le monde entier. <b>Les axes de travail sont la biologie marine et l\u2019arch\u00e9ologie sous-marine.<\/b><br \/>\nDans les faits, la Fondation Octopus va s\u00e9lectionner ou initier des projets d\u2019\u00e9tude du monde marin, et les soutenir financi\u00e8rement, logistiquement et technologiquement. Afin de rendre accessible au plus grand nombre les d\u00e9couvertes et le savoir qui rel\u00e8vent des mers et des oc\u00e9ans, <b>la Fondation Octopus s\u2019appuiera<span class=\"Apple-converted-space\">\u00a0 <\/span>sur OCEAN71 Magazine et son \u00e9quipe pour la partie op\u00e9rationnelle.<\/b> Notre magazine sera d\u00e9sormais charg\u00e9 de pr\u00e9parer les m\u00e9dias les plus adapt\u00e9s pour que le grand public soit mieux inform\u00e9.<\/p>\n<p class=\"p1\"><a href=\"http:\/\/ocean71.ch\/wp-content\/uploads\/2013\/01\/Sche\u0301ma-final.png\"><img decoding=\"async\" loading=\"lazy\" class=\"alignnone size-full wp-image-8085\" src=\"http:\/\/ocean71.ch\/wp-content\/uploads\/2013\/01\/Sche\u0301ma-final.png\" alt=\"Sche\u0301ma final\" width=\"1800\" height=\"1509\" srcset=\"http:\/\/ocean71.com\/wp-content\/uploads\/2013\/01\/Sche\u0301ma-final.png 1800w, http:\/\/ocean71.com\/wp-content\/uploads\/2013\/01\/Sche\u0301ma-final-370x310.png 370w, http:\/\/ocean71.com\/wp-content\/uploads\/2013\/01\/Sche\u0301ma-final-768x644.png 768w, http:\/\/ocean71.com\/wp-content\/uploads\/2013\/01\/Sche\u0301ma-final-770x646.png 770w, http:\/\/ocean71.com\/wp-content\/uploads\/2013\/01\/Sche\u0301ma-final-70x59.png 70w, http:\/\/ocean71.com\/wp-content\/uploads\/2013\/01\/Sche\u0301ma-final-170x143.png 170w, http:\/\/ocean71.com\/wp-content\/uploads\/2013\/01\/Sche\u0301ma-final-1170x981.png 1170w\" sizes=\"(max-width: 1800px) 100vw, 1800px\" \/><\/a><\/p>\n<p>Pour chaque projet s\u00e9lectionn\u00e9, la Fondation Octopus attribuera un budget directement \u00e0 la recherche scientifique. Un second budget sera attribu\u00e9 \u00e0 OCEAN71 Magazine afin de financer la production de m\u00e9dias, tels qu&rsquo;une publication num\u00e9rique, l&rsquo;\u00e9ditions de livres ou de BD, la r\u00e9alisation de documentaires t\u00e9l\u00e9visuels, la mise sur pied d&rsquo;expositions pour les mus\u00e9es ou la pr\u00e9paration de conf\u00e9rences.<br \/>\nIl s\u2019agit de la premi\u00e8re \u00e9tape. Pour que ce formidable outil, ouvert sur le monde et les hommes, puisse perdurer, et b\u00e9n\u00e9ficier \u00e0 un large public, <b>nous lan\u00e7ons un appel \u00e0 celles et ceux qui ont les ressources financi\u00e8res et que cette aventure inspire.<\/b> Beaucoup d\u2019entre nous peuvent soutenir, \u00e0 hauteur de leurs moyens, la Fondation Octopus et ses missions d\u2019exploration, d\u2019\u00e9tude, et de transmission.<\/p>\n<h3><a name=\"pourquoi-payer\"><\/a>5.\u00a0La transparence financi\u00e8re<\/h3>\n<p>La transparence la plus totale est obligatoire si la Fondation Octopus veut conserver son statut d\u2019utilit\u00e9 publique.<b> Elle s\u2019engage \u00e0 fournir chaque ann\u00e9e la liste compl\u00e8te des donateurs, l&rsquo;origine des donations et communiquera de mani\u00e8re d\u00e9taill\u00e9e sur<span class=\"Apple-converted-space\">\u00a0 <\/span>l\u2019usage des fonds mis \u00e0 sa disposition. <\/b><br \/>\nOCEAN71 Magazine tiendra une comptabilit\u00e9 pr\u00e9cise pour chacun des projets. Les comptes de la Fondation sont bien s\u00fbr soumis au visa des autorit\u00e9s fiscales suisses.<br \/>\nLes b\u00e9n\u00e9fices qui seront d\u00e9gag\u00e9s de la commercialisation de certains m\u00e9dias, comme un livre ou un documentaire reviendront int\u00e9gralement \u00e0 la Fondation Octopus pour qu&rsquo;elle puisse soutenir d&rsquo;autres projets.<\/p>\n<h3><a name=\"qui-participe\"><\/a>6.\u00a0Comment nous aider ?<\/h3>\n<p>Vous adh\u00e9rez \u00e0 notre projet et vous souhaitez nous aider \u00e0 poursuivre notre mission d\u2019information publique ? Rien de plus simple, <b>vous pouvez faire une donation directement sur le <a href=\"http:\/\/octopusfoundation.org\/\" target=\"_blank\">site web de la Fondation Octopus<\/a>.<\/b><br \/>\nIl nous reste \u00e0 vous souhaiter de tr\u00e8s bonnes d\u00e9couvertes et de belles lectures.<br \/>\n<em>L\u2019\u00e9quipe d\u2019OCEAN71 Magazine.<\/em><\/p>\n<!-- AddThis Advanced Settings generic via filter on the_content --><!-- AddThis Share Buttons generic via filter on the_content -->","protected":false},"excerpt":{"rendered":"<p>OCEAN71 Magazine est un m\u00e9dia d&rsquo;utilit\u00e9 publique, gratuit et num\u00e9rique. Des journalistes sp\u00e9cialis\u00e9s r\u00e9alisent et publient des informations qui am\u00e9liorent les connaissances du grand public sur le milieu marin. La mer, derni\u00e8re fronti\u00e8re de l&rsquo;inconnu&hellip;&nbsp;<a href=\"http:\/\/ocean71.com\/fr\/qui-sommes-nous\/\">Lire la suite<\/a><!-- AddThis Advanced Settings generic via filter on get_the_excerpt --><!-- AddThis Share Buttons generic via filter on get_the_excerpt --><\/p>\n","protected":false},"author":1,"featured_media":0,"parent":0,"menu_order":0,"comment_status":"open","ping_status":"open","template":"","meta":[],"acf":[],"_links":{"self":[{"href":"http:\/\/ocean71.com\/fr\/wp-json\/wp\/v2\/pages\/7"}],"collection":[{"href":"http:\/\/ocean71.com\/fr\/wp-json\/wp\/v2\/pages"}],"about":[{"href":"http:\/\/ocean71.com\/fr\/wp-json\/wp\/v2\/types\/page"}],"author":[{"embeddable":true,"href":"http:\/\/ocean71.com\/fr\/wp-json\/wp\/v2\/users\/1"}],"replies":[{"embeddable":true,"href":"http:\/\/ocean71.com\/fr\/wp-json\/wp\/v2\/comments?post=7"}],"version-history":[{"count":38,"href":"http:\/\/ocean71.com\/fr\/wp-json\/wp\/v2\/pages\/7\/revisions"}],"predecessor-version":[{"id":8632,"href":"http:\/\/ocean71.com\/fr\/wp-json\/wp\/v2\/pages\/7\/revisions\/8632"}],"wp:attachment":[{"href":"http:\/\/ocean71.com\/fr\/wp-json\/wp\/v2\/media?parent=7"}],"curies":[{"name":"wp","href":"https:\/\/api.w.org\/{rel}","templated":true}]}}